{"id":32,"date":"2023-01-13T20:16:25","date_gmt":"2023-01-13T20:16:25","guid":{"rendered":"https:\/\/www.karte.fi\/?page_id=32"},"modified":"2023-12-18T11:39:54","modified_gmt":"2023-12-18T11:39:54","slug":"rakennus-remontointi-tai-kuntoarvioinnit","status":"publish","type":"page","link":"https:\/\/www.karte.fi\/?page_id=32","title":{"rendered":"Rakennus, remontointi tai kuntoarvioinnit"},"content":{"rendered":"\n<p>Teemme yli 30 vuoden kokemuksella erilaisia rakennusalan t\u00f6it\u00e4 Torniossa ja l\u00e4hialueilla.<\/p>\n\n\n\n<p><\/p>\n\n\n\n<ul>\n<li>Rakentamisen ja remontoinnin suunnittelu- ja valvontaty\u00f6t<\/li>\n\n\n\n<li>Asuntokaupan kuntotarkastukset<\/li>\n\n\n\n<li>Muurausty\u00f6t; tulisijat, hormit yms.<\/li>\n\n\n\n<li>M\u00e4rk\u00e4tilojen vedeneristykset<\/li>\n\n\n\n<li>Laatoitukset<\/li>\n\n\n\n<li>Pientalojen energiatodistukset<\/li>\n\n\n\n<li>Kosteusmittaukset<\/li>\n\n\n\n<li>Asbestikartoitukset <\/li>\n\n\n\n<li>L\u00e4mp\u00f6kamerakuvaukset<\/li>\n\n\n\n<li>Uudis- ja korjausrakennuskohteet mm. huoneistoremontit, sis\u00e4 &#8211; ja ulkoverhousty\u00f6t, kalusteasennukset, lattia-asennukset<\/li>\n<\/ul>\n\n\n\n<p>Muistathan, ett\u00e4 rakentamisen tai remontoinnin ty\u00f6nosuus on kotitalousv\u00e4hennys kelpoinen!<\/p>\n\n\n\n<p><a href=\"https:\/\/www.vero.fi\/henkiloasiakkaat\/verokortti-ja-veroilmoitus\/tulot-ja-vahennykset\/kotitalousvahennys\/\" data-type=\"URL\" data-id=\"https:\/\/www.vero.fi\/henkiloasiakkaat\/verokortti-ja-veroilmoitus\/tulot-ja-vahennykset\/kotitalousvahennys\/\">Vero.fi &#8211; Kotitalousv\u00e4hennys<\/a><\/p>\n\n\n\n<div class=\"is-layout-flex wp-container-3 wp-block-columns\">\n<div class=\"is-layout-flow wp-block-column\">\n<figure class=\"wp-block-image size-large\"><a href=\"http:\/\/www.karte.fi\/wp-content\/uploads\/2023\/01\/building-1080603_1920.jpg\"><img decoding=\"async\" loading=\"lazy\" width=\"1024\" height=\"682\" src=\"http:\/\/www.karte.fi\/wp-content\/uploads\/2023\/01\/building-1080603_1920-1024x682.jpg\" alt=\"\" class=\"wp-image-33\" srcset=\"https:\/\/www.karte.fi\/wp-content\/uploads\/2023\/01\/building-1080603_1920-1024x682.jpg 1024w, https:\/\/www.karte.fi\/wp-content\/uploads\/2023\/01\/building-1080603_1920-300x200.jpg 300w, https:\/\/www.karte.fi\/wp-content\/uploads\/2023\/01\/building-1080603_1920-768x511.jpg 768w, https:\/\/www.karte.fi\/wp-content\/uploads\/2023\/01\/building-1080603_1920-1536x1022.jpg 1536w, https:\/\/www.karte.fi\/wp-content\/uploads\/2023\/01\/building-1080603_1920.jpg 1920w\" sizes=\"(max-width: 706px) 89vw, (max-width: 767px) 82vw, 740px\" \/><\/a><\/figure>\n\n\n\n<figure class=\"wp-block-image size-large\"><a href=\"https:\/\/www.karte.fi\/wp-content\/uploads\/2023\/01\/sauna-4863340_1920.jpg\"><img decoding=\"async\" loading=\"lazy\" width=\"678\" height=\"1024\" src=\"https:\/\/www.karte.fi\/wp-content\/uploads\/2023\/01\/sauna-4863340_1920-678x1024.jpg\" alt=\"\" class=\"wp-image-57\" srcset=\"https:\/\/www.karte.fi\/wp-content\/uploads\/2023\/01\/sauna-4863340_1920-678x1024.jpg 678w, https:\/\/www.karte.fi\/wp-content\/uploads\/2023\/01\/sauna-4863340_1920-199x300.jpg 199w, https:\/\/www.karte.fi\/wp-content\/uploads\/2023\/01\/sauna-4863340_1920-768x1159.jpg 768w, https:\/\/www.karte.fi\/wp-content\/uploads\/2023\/01\/sauna-4863340_1920-1018x1536.jpg 1018w, https:\/\/www.karte.fi\/wp-content\/uploads\/2023\/01\/sauna-4863340_1920.jpg 1272w\" sizes=\"(max-width: 678px) 100vw, 678px\" \/><\/a><\/figure>\n<\/div>\n\n\n\n<div class=\"is-layout-flow wp-block-column\">\n<figure class=\"wp-block-image size-large\"><a href=\"http:\/\/www.karte.fi\/wp-content\/uploads\/2023\/01\/takka52.jpeg\"><img decoding=\"async\" loading=\"lazy\" width=\"461\" height=\"1024\" src=\"http:\/\/www.karte.fi\/wp-content\/uploads\/2023\/01\/takka52-461x1024.jpeg\" alt=\"\" class=\"wp-image-55\" srcset=\"https:\/\/www.karte.fi\/wp-content\/uploads\/2023\/01\/takka52-461x1024.jpeg 461w, https:\/\/www.karte.fi\/wp-content\/uploads\/2023\/01\/takka52-135x300.jpeg 135w, https:\/\/www.karte.fi\/wp-content\/uploads\/2023\/01\/takka52-691x1536.jpeg 691w, https:\/\/www.karte.fi\/wp-content\/uploads\/2023\/01\/takka52.jpeg 720w\" sizes=\"(max-width: 461px) 100vw, 461px\" \/><\/a><\/figure>\n<\/div>\n<\/div>\n\n\n\n<figure class=\"wp-block-image size-full\"><a href=\"http:\/\/www.karte.fi\/wp-content\/uploads\/2023\/02\/takka.jpg\"><img decoding=\"async\" loading=\"lazy\" width=\"375\" height=\"375\" src=\"http:\/\/www.karte.fi\/wp-content\/uploads\/2023\/02\/takka.jpg\" alt=\"\" class=\"wp-image-67\" srcset=\"https:\/\/www.karte.fi\/wp-content\/uploads\/2023\/02\/takka.jpg 375w, https:\/\/www.karte.fi\/wp-content\/uploads\/2023\/02\/takka-300x300.jpg 300w, https:\/\/www.karte.fi\/wp-content\/uploads\/2023\/02\/takka-150x150.jpg 150w, https:\/\/www.karte.fi\/wp-content\/uploads\/2023\/02\/takka-100x100.jpg 100w\" sizes=\"(max-width: 375px) 100vw, 375px\" \/><\/a><\/figure>\n\n\n\n<p><\/p>\n\n\n\n<p style=\"line-height:0\"><strong>Lis\u00e4tietoja:<\/strong><\/p>\n\n\n\n<p style=\"line-height:0\">Kari H\u00f6yn\u00e4l\u00e4<\/p>\n\n\n\n<p style=\"line-height:0\">040 590 2030<\/p>\n\n\n\n<p style=\"line-height:0\">etunimi.sukunimi@karte.fi<\/p>\n","protected":false},"excerpt":{"rendered":"<p>Teemme yli 30 vuoden kokemuksella erilaisia rakennusalan t\u00f6it\u00e4 Torniossa ja l\u00e4hialueilla. Muistathan, ett\u00e4 rakentamisen tai remontoinnin ty\u00f6nosuus on kotitalousv\u00e4hennys kelpoinen! Vero.fi &#8211; Kotitalousv\u00e4hennys Lis\u00e4tietoja: Kari H\u00f6yn\u00e4l\u00e4 040 590 2030 etunimi.sukunimi@karte.fi<\/p>\n","protected":false},"author":1,"featured_media":0,"parent":0,"menu_order":0,"comment_status":"closed","ping_status":"closed","template":"","meta":[],"_links":{"self":[{"href":"https:\/\/www.karte.fi\/index.php?rest_route=\/wp\/v2\/pages\/32"}],"collection":[{"href":"https:\/\/www.karte.fi\/index.php?rest_route=\/wp\/v2\/pages"}],"about":[{"href":"https:\/\/www.karte.fi\/index.php?rest_route=\/wp\/v2\/types\/page"}],"author":[{"embeddable":true,"href":"https:\/\/www.karte.fi\/index.php?rest_route=\/wp\/v2\/users\/1"}],"replies":[{"embeddable":true,"href":"https:\/\/www.karte.fi\/index.php?rest_route=%2Fwp%2Fv2%2Fcomments&post=32"}],"version-history":[{"count":6,"href":"https:\/\/www.karte.fi\/index.php?rest_route=\/wp\/v2\/pages\/32\/revisions"}],"predecessor-version":[{"id":72,"href":"https:\/\/www.karte.fi\/index.php?rest_route=\/wp\/v2\/pages\/32\/revisions\/72"}],"wp:attachment":[{"href":"https:\/\/www.karte.fi\/index.php?rest_route=%2Fwp%2Fv2%2Fmedia&parent=32"}],"curies":[{"name":"wp","href":"https:\/\/api.w.org\/{rel}","templated":true}]}}